{"id":276,"date":"2025-09-26T10:14:57","date_gmt":"2025-09-26T07:14:57","guid":{"rendered":"https:\/\/vaasankameleontti.fi\/privacy-policy\/"},"modified":"2025-10-21T13:19:32","modified_gmt":"2025-10-21T10:19:32","slug":"privacy-policy","status":"publish","type":"page","link":"https:\/\/vaasankameleontti.fi\/en\/privacy-policy\/","title":{"rendered":"Privacy Policy"},"content":{"rendered":"<div class=\"wpb-content-wrapper\"><p>[vc_row row_height_percent=&#8221;0&#8243; override_padding=&#8221;yes&#8221; h_padding=&#8221;2&#8243; top_padding=&#8221;3&#8243; bottom_padding=&#8221;4&#8243; overlay_alpha=&#8221;50&#8243; gutter_size=&#8221;3&#8243; column_width_percent=&#8221;100&#8243; shift_y=&#8221;0&#8243; z_index=&#8221;0&#8243; content_parallax=&#8221;0&#8243; uncode_shortcode_id=&#8221;203198&#8243;][vc_column column_width_use_pixel=&#8221;yes&#8221; gutter_size=&#8221;3&#8243; overlay_alpha=&#8221;50&#8243; shift_x=&#8221;0&#8243; shift_y=&#8221;0&#8243; shift_y_down=&#8221;0&#8243; z_index=&#8221;0&#8243; medium_width=&#8221;0&#8243; mobile_width=&#8221;0&#8243; uncode_shortcode_id=&#8221;206863&#8243; column_width_pixel=&#8221;1000&#8243;][vc_custom_heading auto_text=&#8221;yes&#8221; heading_semantic=&#8221;h1&#8243; text_size=&#8221;h1&#8243; uncode_shortcode_id=&#8221;204939&#8243;][\/vc_custom_heading][vc_column_text]<\/p>\n<h2>1. Data controller<\/h2>\n<p>Joscon Oy, Hatanp\u00e4\u00e4n valtatie 11, 33100 Tampere, Finland<\/p>\n<h2>2. Contact person responsible for the register<\/h2>\n<p>Tapio Lyytinen<br \/>\n<a href=\"mailto:tapio.lyytinen@joscon.fi\">tapio.lyytinen@joscon.fi<\/a><br \/>\ntel. <a href=\"tel:+358458067088\">045 806 7088<\/a><\/p>\n<h2>3. What data we collect<\/h2>\n<p>The information collected through the form may include your name, email address, phone number, and any additional details you provide in the open text field.<\/p>\n<h2>4. Purpose of data use<\/h2>\n<p>The information we collect is used for the following purposes:<\/p>\n<ul>\n<li>To process your contact request and get in touch with you<\/li>\n<li>To provide brochures and additional materials<\/li>\n<li>To arrange property viewings<\/li>\n<li>To manage marketing activities and customer relationships<\/li>\n<li>To target marketing communications (including retargeting and advertising optimisation)<\/li>\n<\/ul>\n<h2>5. Cookies and tracking technologies<\/h2>\n<p>This website uses cookies and pixel tracking (e.g. Meta Pixel, LinkedIn Insight Tag, Google Ads Remarketing) to measure website usage and deliver targeted advertising.<br \/>\nYou can disable the use of cookies in your browser settings or delete them from your browser\u2019s cache if you wish.<\/p>\n<h2>6. Data retention<\/h2>\n<p>We retain your data only for as long as necessary to respond to your enquiry or maintain the customer relationship.<\/p>\n<h2>7. Data protection<\/h2>\n<p>All data is processed confidentially and protected with appropriate technical and organisational measures.<\/p>\n<h2>8. Transfer of data outside the EU\/EEA<\/h2>\n<p>Through the use of marketing analytics tools (e.g. Meta, Google), data may be transferred outside the EU\/EEA. In such cases, we ensure that all transfers are carried out in accordance with the GDPR based on approved safeguards (such as the EU Standard Contractual Clauses). <\/p>\n<h2>9. Data subject rights<\/h2>\n<p>You have the right to:<\/p>\n<ul>\n<li>Access the personal data we hold about you<\/li>\n<li>Request the correction or deletion of inaccurate data<\/li>\n<li>Withdraw your consent to marketing at any time<\/li>\n<li>Object to the processing of your personal data for direct marketing purposes<\/li>\n<\/ul>\n<p>Requests can be sent to: <a href=\"mailto:tapio.lyytinen@joscon.fi\">tapio.lyytinen@joscon.fi<\/a>[\/vc_column_text][vc_custom_heading uncode_shortcode_id=&#8221;161030&#8243;]Cookie Settings[\/vc_custom_heading][vc_raw_html]PHNjcmlwdCBpZD0iQ29va2llRGVjbGFyYXRpb24iIHNyYz0iaHR0cHM6Ly9jb25zZW50LmNvb2tpZWJvdC5jb20vMjNhNjNhMjktM2Y0YS00MDBiLWE5NTktZmYyY2JhMDhiMzU2L2NkLmpzIiB0eXBlPSJ0ZXh0L2phdmFzY3JpcHQiIGFzeW5jPjwvc2NyaXB0Pg==[\/vc_raw_html][\/vc_column][\/vc_row]<\/p>\n<\/div>","protected":false},"excerpt":{"rendered":"<p>[vc_row row_height_percent=&#8221;0&#8243; override_padding=&#8221;yes&#8221; h_padding=&#8221;2&#8243; top_padding=&#8221;3&#8243; bottom_padding=&#8221;4&#8243; overlay_alpha=&#8221;50&#8243; gutter_size=&#8221;3&#8243; column_width_percent=&#8221;100&#8243; shift_y=&#8221;0&#8243; z_index=&#8221;0&#8243; content_parallax=&#8221;0&#8243; uncode_shortcode_id=&#8221;203198&#8243;][vc_column column_width_use_pixel=&#8221;yes&#8221; gutter_size=&#8221;3&#8243; overlay_alpha=&#8221;50&#8243; shift_x=&#8221;0&#8243; shift_y=&#8221;0&#8243; shift_y_down=&#8221;0&#8243; z_index=&#8221;0&#8243; [&hellip;]<\/p>\n","protected":false},"author":1,"featured_media":0,"parent":0,"menu_order":0,"comment_status":"closed","ping_status":"closed","template":"","meta":{"footnotes":""},"class_list":["post-276","page","type-page","status-publish","hentry"],"yoast_head":"<!-- This site is optimized with the Yoast SEO plugin v26.8 - https:\/\/yoast.com\/product\/yoast-seo-wordpress\/ -->\n<title>Privacy Policy - Vaasan Kameleontti<\/title>\n<meta name=\"robots\" content=\"index, follow, max-snippet:-1, max-image-preview:large, max-video-preview:-1\" \/>\n<link rel=\"canonical\" href=\"https:\/\/vaasankameleontti.fi\/en\/privacy-policy\/\" \/>\n<meta property=\"og:locale\" content=\"en_US\" \/>\n<meta property=\"og:type\" content=\"article\" \/>\n<meta property=\"og:title\" content=\"Privacy Policy - Vaasan Kameleontti\" \/>\n<meta property=\"og:description\" content=\"[vc_row row_height_percent=&#8221;0&#8243; override_padding=&#8221;yes&#8221; h_padding=&#8221;2&#8243; top_padding=&#8221;3&#8243; bottom_padding=&#8221;4&#8243; overlay_alpha=&#8221;50&#8243; gutter_size=&#8221;3&#8243; column_width_percent=&#8221;100&#8243; shift_y=&#8221;0&#8243; z_index=&#8221;0&#8243; content_parallax=&#8221;0&#8243; uncode_shortcode_id=&#8221;203198&#8243;][vc_column column_width_use_pixel=&#8221;yes&#8221; gutter_size=&#8221;3&#8243; overlay_alpha=&#8221;50&#8243; shift_x=&#8221;0&#8243; shift_y=&#8221;0&#8243; shift_y_down=&#8221;0&#8243; z_index=&#8221;0&#8243; [&hellip;]\" \/>\n<meta property=\"og:url\" content=\"https:\/\/vaasankameleontti.fi\/en\/privacy-policy\/\" \/>\n<meta property=\"og:site_name\" content=\"Vaasan Kameleontti\" \/>\n<meta property=\"article:modified_time\" content=\"2025-10-21T10:19:32+00:00\" \/>\n<meta property=\"og:image\" content=\"https:\/\/vaasankameleontti.fi\/wp-content\/uploads\/2025\/10\/vaasan-kameleontti-ulkokuva.jpg\" \/>\n\t<meta property=\"og:image:width\" content=\"1920\" \/>\n\t<meta property=\"og:image:height\" content=\"1280\" \/>\n\t<meta property=\"og:image:type\" content=\"image\/jpeg\" \/>\n<meta name=\"twitter:card\" content=\"summary_large_image\" \/>\n<meta name=\"twitter:label1\" content=\"Est. reading time\" \/>\n\t<meta name=\"twitter:data1\" content=\"2 minutes\" \/>\n<script type=\"application\/ld+json\" class=\"yoast-schema-graph\">{\"@context\":\"https:\/\/schema.org\",\"@graph\":[{\"@type\":\"WebPage\",\"@id\":\"https:\/\/vaasankameleontti.fi\/en\/privacy-policy\/\",\"url\":\"https:\/\/vaasankameleontti.fi\/en\/privacy-policy\/\",\"name\":\"Privacy Policy - Vaasan Kameleontti\",\"isPartOf\":{\"@id\":\"https:\/\/vaasankameleontti.fi\/en\/#website\"},\"datePublished\":\"2025-09-26T07:14:57+00:00\",\"dateModified\":\"2025-10-21T10:19:32+00:00\",\"breadcrumb\":{\"@id\":\"https:\/\/vaasankameleontti.fi\/en\/privacy-policy\/#breadcrumb\"},\"inLanguage\":\"en-US\",\"potentialAction\":[{\"@type\":\"ReadAction\",\"target\":[\"https:\/\/vaasankameleontti.fi\/en\/privacy-policy\/\"]}]},{\"@type\":\"BreadcrumbList\",\"@id\":\"https:\/\/vaasankameleontti.fi\/en\/privacy-policy\/#breadcrumb\",\"itemListElement\":[{\"@type\":\"ListItem\",\"position\":1,\"name\":\"Etusivu\",\"item\":\"https:\/\/vaasankameleontti.fi\/en\/\"},{\"@type\":\"ListItem\",\"position\":2,\"name\":\"Privacy Policy\"}]},{\"@type\":\"WebSite\",\"@id\":\"https:\/\/vaasankameleontti.fi\/en\/#website\",\"url\":\"https:\/\/vaasankameleontti.fi\/en\/\",\"name\":\"Vaasan Kameleontti\",\"description\":\"Kameleontti tarjoaa yrityksellesi tulevaisuuden toimitilat Runsorin ytimess\u00e4 lentokent\u00e4n vieress\u00e4 ja vain vartin ajomatkan p\u00e4\u00e4ss\u00e4 Vaasan keskustasta.\",\"publisher\":{\"@id\":\"https:\/\/vaasankameleontti.fi\/en\/#organization\"},\"potentialAction\":[{\"@type\":\"SearchAction\",\"target\":{\"@type\":\"EntryPoint\",\"urlTemplate\":\"https:\/\/vaasankameleontti.fi\/en\/?s={search_term_string}\"},\"query-input\":{\"@type\":\"PropertyValueSpecification\",\"valueRequired\":true,\"valueName\":\"search_term_string\"}}],\"inLanguage\":\"en-US\"},{\"@type\":\"Organization\",\"@id\":\"https:\/\/vaasankameleontti.fi\/en\/#organization\",\"name\":\"Chameleon Vaasa\",\"url\":\"https:\/\/vaasankameleontti.fi\/en\/\",\"logo\":{\"@type\":\"ImageObject\",\"inLanguage\":\"en-US\",\"@id\":\"https:\/\/vaasankameleontti.fi\/en\/#\/schema\/logo\/image\/\",\"url\":\"https:\/\/vaasankameleontti.fi\/wp-content\/uploads\/2025\/10\/Kameleontti_logo_oranssi_fi.svg\",\"contentUrl\":\"https:\/\/vaasankameleontti.fi\/wp-content\/uploads\/2025\/10\/Kameleontti_logo_oranssi_fi.svg\",\"width\":9897949829,\"height\":2083159943,\"caption\":\"Chameleon Vaasa\"},\"image\":{\"@id\":\"https:\/\/vaasankameleontti.fi\/en\/#\/schema\/logo\/image\/\"}}]}<\/script>\n<!-- \/ Yoast SEO plugin. -->","yoast_head_json":{"title":"Privacy Policy - Vaasan Kameleontti","robots":{"index":"index","follow":"follow","max-snippet":"max-snippet:-1","max-image-preview":"max-image-preview:large","max-video-preview":"max-video-preview:-1"},"canonical":"https:\/\/vaasankameleontti.fi\/en\/privacy-policy\/","og_locale":"en_US","og_type":"article","og_title":"Privacy Policy - Vaasan Kameleontti","og_description":"[vc_row row_height_percent=&#8221;0&#8243; override_padding=&#8221;yes&#8221; h_padding=&#8221;2&#8243; top_padding=&#8221;3&#8243; bottom_padding=&#8221;4&#8243; overlay_alpha=&#8221;50&#8243; gutter_size=&#8221;3&#8243; column_width_percent=&#8221;100&#8243; shift_y=&#8221;0&#8243; z_index=&#8221;0&#8243; content_parallax=&#8221;0&#8243; uncode_shortcode_id=&#8221;203198&#8243;][vc_column column_width_use_pixel=&#8221;yes&#8221; gutter_size=&#8221;3&#8243; overlay_alpha=&#8221;50&#8243; shift_x=&#8221;0&#8243; shift_y=&#8221;0&#8243; shift_y_down=&#8221;0&#8243; z_index=&#8221;0&#8243; [&hellip;]","og_url":"https:\/\/vaasankameleontti.fi\/en\/privacy-policy\/","og_site_name":"Vaasan Kameleontti","article_modified_time":"2025-10-21T10:19:32+00:00","og_image":[{"width":1920,"height":1280,"url":"https:\/\/vaasankameleontti.fi\/wp-content\/uploads\/2025\/10\/vaasan-kameleontti-ulkokuva.jpg","type":"image\/jpeg"}],"twitter_card":"summary_large_image","twitter_misc":{"Est. reading time":"2 minutes"},"schema":{"@context":"https:\/\/schema.org","@graph":[{"@type":"WebPage","@id":"https:\/\/vaasankameleontti.fi\/en\/privacy-policy\/","url":"https:\/\/vaasankameleontti.fi\/en\/privacy-policy\/","name":"Privacy Policy - Vaasan Kameleontti","isPartOf":{"@id":"https:\/\/vaasankameleontti.fi\/en\/#website"},"datePublished":"2025-09-26T07:14:57+00:00","dateModified":"2025-10-21T10:19:32+00:00","breadcrumb":{"@id":"https:\/\/vaasankameleontti.fi\/en\/privacy-policy\/#breadcrumb"},"inLanguage":"en-US","potentialAction":[{"@type":"ReadAction","target":["https:\/\/vaasankameleontti.fi\/en\/privacy-policy\/"]}]},{"@type":"BreadcrumbList","@id":"https:\/\/vaasankameleontti.fi\/en\/privacy-policy\/#breadcrumb","itemListElement":[{"@type":"ListItem","position":1,"name":"Etusivu","item":"https:\/\/vaasankameleontti.fi\/en\/"},{"@type":"ListItem","position":2,"name":"Privacy Policy"}]},{"@type":"WebSite","@id":"https:\/\/vaasankameleontti.fi\/en\/#website","url":"https:\/\/vaasankameleontti.fi\/en\/","name":"Vaasan Kameleontti","description":"Kameleontti tarjoaa yrityksellesi tulevaisuuden toimitilat Runsorin ytimess\u00e4 lentokent\u00e4n vieress\u00e4 ja vain vartin ajomatkan p\u00e4\u00e4ss\u00e4 Vaasan keskustasta.","publisher":{"@id":"https:\/\/vaasankameleontti.fi\/en\/#organization"},"potentialAction":[{"@type":"SearchAction","target":{"@type":"EntryPoint","urlTemplate":"https:\/\/vaasankameleontti.fi\/en\/?s={search_term_string}"},"query-input":{"@type":"PropertyValueSpecification","valueRequired":true,"valueName":"search_term_string"}}],"inLanguage":"en-US"},{"@type":"Organization","@id":"https:\/\/vaasankameleontti.fi\/en\/#organization","name":"Chameleon Vaasa","url":"https:\/\/vaasankameleontti.fi\/en\/","logo":{"@type":"ImageObject","inLanguage":"en-US","@id":"https:\/\/vaasankameleontti.fi\/en\/#\/schema\/logo\/image\/","url":"https:\/\/vaasankameleontti.fi\/wp-content\/uploads\/2025\/10\/Kameleontti_logo_oranssi_fi.svg","contentUrl":"https:\/\/vaasankameleontti.fi\/wp-content\/uploads\/2025\/10\/Kameleontti_logo_oranssi_fi.svg","width":9897949829,"height":2083159943,"caption":"Chameleon Vaasa"},"image":{"@id":"https:\/\/vaasankameleontti.fi\/en\/#\/schema\/logo\/image\/"}}]}},"_links":{"self":[{"href":"https:\/\/vaasankameleontti.fi\/en\/wp-json\/wp\/v2\/pages\/276","targetHints":{"allow":["GET"]}}],"collection":[{"href":"https:\/\/vaasankameleontti.fi\/en\/wp-json\/wp\/v2\/pages"}],"about":[{"href":"https:\/\/vaasankameleontti.fi\/en\/wp-json\/wp\/v2\/types\/page"}],"author":[{"embeddable":true,"href":"https:\/\/vaasankameleontti.fi\/en\/wp-json\/wp\/v2\/users\/1"}],"replies":[{"embeddable":true,"href":"https:\/\/vaasankameleontti.fi\/en\/wp-json\/wp\/v2\/comments?post=276"}],"version-history":[{"count":2,"href":"https:\/\/vaasankameleontti.fi\/en\/wp-json\/wp\/v2\/pages\/276\/revisions"}],"predecessor-version":[{"id":278,"href":"https:\/\/vaasankameleontti.fi\/en\/wp-json\/wp\/v2\/pages\/276\/revisions\/278"}],"wp:attachment":[{"href":"https:\/\/vaasankameleontti.fi\/en\/wp-json\/wp\/v2\/media?parent=276"}],"curies":[{"name":"wp","href":"https:\/\/api.w.org\/{rel}","templated":true}]}}